{"id":1264,"date":"2022-07-26T09:34:26","date_gmt":"2022-07-26T09:34:26","guid":{"rendered":"https:\/\/www.kamenrenesans.sk\/referenciaink\/"},"modified":"2022-08-16T13:33:31","modified_gmt":"2022-08-16T13:33:31","slug":"referenciaink","status":"publish","type":"page","link":"https:\/\/kamenrenesans.sk\/hu\/referenciaink\/","title":{"rendered":"Referenci\u00e1ink"},"content":{"rendered":"\t\t<div data-elementor-type=\"wp-page\" data-elementor-id=\"1264\" class=\"elementor elementor-1264 elementor-445\">\n\t\t\t\t\t\t\t\t\t<section class=\"elementor-section elementor-top-section elementor-element elementor-element-b559e59 elementor-section-height-min-height elementor-section-full_width elementor-section-items-top elementor-section-height-default\" data-id=\"b559e59\" data-element_type=\"section\" data-e-bg-lazyload=\".elementor-background-overlay\">\n\t\t\t\t\t\t\t<div class=\"elementor-background-overlay\"><\/div>\n\t\t\t\t\t\t\t<div class=\"elementor-container elementor-column-gap-default\">\n\t\t\t\t\t<div class=\"elementor-column elementor-col-100 elementor-top-column elementor-element elementor-element-2138b88\" data-id=\"2138b88\" data-element_type=\"column\">\n\t\t\t<div class=\"elementor-widget-wrap elementor-element-populated\">\n\t\t\t\t\t\t\t\t<div class=\"elementor-element elementor-element-3f2af46 elementor-widget elementor-widget-heading\" data-id=\"3f2af46\" data-element_type=\"widget\" data-widget_type=\"heading.default\">\n\t\t\t\t<div class=\"elementor-widget-container\">\n\t\t\t<style>\/*! elementor - v3.12.2 - 23-04-2023 *\/\n.elementor-heading-title{padding:0;margin:0;line-height:1}.elementor-widget-heading .elementor-heading-title[class*=elementor-size-]>a{color:inherit;font-size:inherit;line-height:inherit}.elementor-widget-heading .elementor-heading-title.elementor-size-small{font-size:15px}.elementor-widget-heading .elementor-heading-title.elementor-size-medium{font-size:19px}.elementor-widget-heading .elementor-heading-title.elementor-size-large{font-size:29px}.elementor-widget-heading .elementor-heading-title.elementor-size-xl{font-size:39px}.elementor-widget-heading .elementor-heading-title.elementor-size-xxl{font-size:59px}<\/style><h1 class=\"elementor-heading-title elementor-size-default\">Referenci\u00e1ink<\/h1>\t\t<\/div>\n\t\t\t\t<\/div>\n\t\t\t\t<div class=\"elementor-element elementor-element-bc50d6f elementor-widget-divider--view-line elementor-widget elementor-widget-divider\" data-id=\"bc50d6f\" data-element_type=\"widget\" data-widget_type=\"divider.default\">\n\t\t\t\t<div class=\"elementor-widget-container\">\n\t\t\t<style>\/*! elementor - v3.12.2 - 23-04-2023 *\/\n.elementor-widget-divider{--divider-border-style:none;--divider-border-width:1px;--divider-color:#0c0d0e;--divider-icon-size:20px;--divider-element-spacing:10px;--divider-pattern-height:24px;--divider-pattern-size:20px;--divider-pattern-url:none;--divider-pattern-repeat:repeat-x}.elementor-widget-divider .elementor-divider{display:flex}.elementor-widget-divider .elementor-divider__text{font-size:15px;line-height:1;max-width:95%}.elementor-widget-divider .elementor-divider__element{margin:0 var(--divider-element-spacing);flex-shrink:0}.elementor-widget-divider .elementor-icon{font-size:var(--divider-icon-size)}.elementor-widget-divider .elementor-divider-separator{display:flex;margin:0;direction:ltr}.elementor-widget-divider--view-line_icon .elementor-divider-separator,.elementor-widget-divider--view-line_text .elementor-divider-separator{align-items:center}.elementor-widget-divider--view-line_icon .elementor-divider-separator:after,.elementor-widget-divider--view-line_icon .elementor-divider-separator:before,.elementor-widget-divider--view-line_text .elementor-divider-separator:after,.elementor-widget-divider--view-line_text .elementor-divider-separator:before{display:block;content:\"\";border-bottom:0;flex-grow:1;border-top:var(--divider-border-width) var(--divider-border-style) var(--divider-color)}.elementor-widget-divider--element-align-left .elementor-divider .elementor-divider-separator>.elementor-divider__svg:first-of-type{flex-grow:0;flex-shrink:100}.elementor-widget-divider--element-align-left .elementor-divider-separator:before{content:none}.elementor-widget-divider--element-align-left .elementor-divider__element{margin-left:0}.elementor-widget-divider--element-align-right .elementor-divider .elementor-divider-separator>.elementor-divider__svg:last-of-type{flex-grow:0;flex-shrink:100}.elementor-widget-divider--element-align-right .elementor-divider-separator:after{content:none}.elementor-widget-divider--element-align-right .elementor-divider__element{margin-right:0}.elementor-widget-divider:not(.elementor-widget-divider--view-line_text):not(.elementor-widget-divider--view-line_icon) .elementor-divider-separator{border-top:var(--divider-border-width) var(--divider-border-style) var(--divider-color)}.elementor-widget-divider--separator-type-pattern{--divider-border-style:none}.elementor-widget-divider--separator-type-pattern.elementor-widget-divider--view-line .elementor-divider-separator,.elementor-widget-divider--separator-type-pattern:not(.elementor-widget-divider--view-line) .elementor-divider-separator:after,.elementor-widget-divider--separator-type-pattern:not(.elementor-widget-divider--view-line) .elementor-divider-separator:before,.elementor-widget-divider--separator-type-pattern:not([class*=elementor-widget-divider--view]) .elementor-divider-separator{width:100%;min-height:var(--divider-pattern-height);-webkit-mask-size:var(--divider-pattern-size) 100%;mask-size:var(--divider-pattern-size) 100%;-webkit-mask-repeat:var(--divider-pattern-repeat);mask-repeat:var(--divider-pattern-repeat);background-color:var(--divider-color);-webkit-mask-image:var(--divider-pattern-url);mask-image:var(--divider-pattern-url)}.elementor-widget-divider--no-spacing{--divider-pattern-size:auto}.elementor-widget-divider--bg-round{--divider-pattern-repeat:round}.rtl .elementor-widget-divider .elementor-divider__text{direction:rtl}.e-con-inner>.elementor-widget-divider,.e-con>.elementor-widget-divider{width:var(--container-widget-width,100%);--flex-grow:var(--container-widget-flex-grow)}<\/style>\t\t<div class=\"elementor-divider\">\n\t\t\t<span class=\"elementor-divider-separator\">\n\t\t\t\t\t\t<\/span>\n\t\t<\/div>\n\t\t\t\t<\/div>\n\t\t\t\t<\/div>\n\t\t\t\t<div class=\"elementor-element elementor-element-06fa6e0 elementor-widget elementor-widget-text-editor\" data-id=\"06fa6e0\" data-element_type=\"widget\" data-widget_type=\"text-editor.default\">\n\t\t\t\t<div class=\"elementor-widget-container\">\n\t\t\t<style>\/*! elementor - v3.12.2 - 23-04-2023 *\/\n.elementor-widget-text-editor.elementor-drop-cap-view-stacked .elementor-drop-cap{background-color:#69727d;color:#fff}.elementor-widget-text-editor.elementor-drop-cap-view-framed .elementor-drop-cap{color:#69727d;border:3px solid;background-color:transparent}.elementor-widget-text-editor:not(.elementor-drop-cap-view-default) .elementor-drop-cap{margin-top:8px}.elementor-widget-text-editor:not(.elementor-drop-cap-view-default) .elementor-drop-cap-letter{width:1em;height:1em}.elementor-widget-text-editor .elementor-drop-cap{float:left;text-align:center;line-height:1;font-size:50px}.elementor-widget-text-editor .elementor-drop-cap-letter{display:inline-block}<\/style>\t\t\t\t<span class=\"VIiyi\" lang=\"hu\"><span class=\"JLqJ4b ChMk0b\" data-language-for-alternatives=\"hu\" data-language-to-translate-into=\"sk\" data-phrase-index=\"0\" data-number-of-phrases=\"2\"><span class=\"Q4iAWc\">Tekintse meg referenci\u00e1inkat!<\/span><\/span> <span class=\"JLqJ4b ChMk0b\" data-language-for-alternatives=\"hu\" data-language-to-translate-into=\"sk\" data-phrase-index=\"1\" data-number-of-phrases=\"2\"><span class=\"Q4iAWc\">Az al\u00e1bbiakban olyan projektek gal\u00e9ri\u00e1it tal\u00e1lja, amelyek term\u00e9szetes k\u0151b\u0151l k\u00e9sz\u00fcltek, valamint \u00f6tv\u00f6zik a modern \u00e9s a hagyom\u00e1nyos \u00e9p\u00edt\u00e9szet elemeit.<\/span><\/span><\/span>\t\t\t\t\t\t<\/div>\n\t\t\t\t<\/div>\n\t\t\t\t<div class=\"elementor-element elementor-element-b9e0a1a elementor-grid-3 elementor-grid-tablet-2 elementor-grid-mobile-1 elementor-widget elementor-widget-portfolio\" data-id=\"b9e0a1a\" data-element_type=\"widget\" data-settings=\"{&quot;row_gap&quot;:{&quot;unit&quot;:&quot;px&quot;,&quot;size&quot;:14,&quot;sizes&quot;:[]},&quot;columns&quot;:&quot;3&quot;,&quot;columns_tablet&quot;:&quot;2&quot;,&quot;columns_mobile&quot;:&quot;1&quot;,&quot;item_ratio&quot;:{&quot;unit&quot;:&quot;px&quot;,&quot;size&quot;:0.66000000000000003108624468950438313186168670654296875,&quot;sizes&quot;:[]},&quot;item_gap&quot;:{&quot;unit&quot;:&quot;px&quot;,&quot;size&quot;:&quot;&quot;,&quot;sizes&quot;:[]}}\" data-widget_type=\"portfolio.default\">\n\t\t\t\t<div class=\"elementor-widget-container\">\n\t\t\t<link rel=\"stylesheet\" href=\"https:\/\/www.kamenrenesans.sk\/wp-content\/plugins\/elementor-pro\/assets\/css\/widget-posts.min.css\">\t\t<div class=\"elementor-portfolio elementor-grid elementor-posts-container\">\n\t\t\t\t<article class=\"elementor-portfolio-item elementor-post  post-1276 page type-page status-publish has-post-thumbnail hentry\">\n\t\t\t<a class=\"elementor-post__thumbnail__link\" href=\"https:\/\/kamenrenesans.sk\/hu\/referenciaink\/villa-salve\/\">\n\t\t\t\t<div class=\"elementor-portfolio-item__img elementor-post__thumbnail\">\n\t\t\t<img loading=\"lazy\" decoding=\"async\" width=\"2000\" height=\"1333\" src=\"https:\/\/kamenrenesans.sk\/wp-content\/uploads\/2022\/07\/gallery_referenciak_VillaSalve-01-L-BL-nyito1163_csatornanelkul.jpg\" class=\"attachment-full size-full wp-image-1081\" alt=\"\" srcset=\"https:\/\/kamenrenesans.sk\/wp-content\/uploads\/2022\/07\/gallery_referenciak_VillaSalve-01-L-BL-nyito1163_csatornanelkul.jpg 2000w, https:\/\/kamenrenesans.sk\/wp-content\/uploads\/2022\/07\/gallery_referenciak_VillaSalve-01-L-BL-nyito1163_csatornanelkul-300x200.jpg 300w, https:\/\/kamenrenesans.sk\/wp-content\/uploads\/2022\/07\/gallery_referenciak_VillaSalve-01-L-BL-nyito1163_csatornanelkul-1024x682.jpg 1024w, https:\/\/kamenrenesans.sk\/wp-content\/uploads\/2022\/07\/gallery_referenciak_VillaSalve-01-L-BL-nyito1163_csatornanelkul-768x512.jpg 768w, https:\/\/kamenrenesans.sk\/wp-content\/uploads\/2022\/07\/gallery_referenciak_VillaSalve-01-L-BL-nyito1163_csatornanelkul-1536x1024.jpg 1536w\" sizes=\"auto, (max-width: 2000px) 100vw, 2000px\" \/>\t\t<\/div>\n\t\t\t\t<div class=\"elementor-portfolio-item__overlay\">\n\t\t\t\t<h3 class=\"elementor-portfolio-item__title\">\n\t\tVilla Salve\t\t<\/h3>\n\t\t\t\t<\/div>\n\t\t\t\t<\/a>\n\t\t<\/article>\n\t\t\t\t<article class=\"elementor-portfolio-item elementor-post  post-1270 page type-page status-publish has-post-thumbnail hentry\">\n\t\t\t<a class=\"elementor-post__thumbnail__link\" href=\"https:\/\/kamenrenesans.sk\/hu\/referenciaink\/erdei-villa\/\">\n\t\t\t\t<div class=\"elementor-portfolio-item__img elementor-post__thumbnail\">\n\t\t\t<img loading=\"lazy\" decoding=\"async\" width=\"2000\" height=\"1333\" src=\"https:\/\/kamenrenesans.sk\/wp-content\/uploads\/2022\/07\/gallery_referenciak_erdei_villa1-04-L-BL-mileva_15.jpg\" class=\"attachment-full size-full wp-image-1093\" alt=\"kame\u0148 renesans\" srcset=\"https:\/\/kamenrenesans.sk\/wp-content\/uploads\/2022\/07\/gallery_referenciak_erdei_villa1-04-L-BL-mileva_15.jpg 2000w, https:\/\/kamenrenesans.sk\/wp-content\/uploads\/2022\/07\/gallery_referenciak_erdei_villa1-04-L-BL-mileva_15-300x200.jpg 300w, https:\/\/kamenrenesans.sk\/wp-content\/uploads\/2022\/07\/gallery_referenciak_erdei_villa1-04-L-BL-mileva_15-1024x682.jpg 1024w, https:\/\/kamenrenesans.sk\/wp-content\/uploads\/2022\/07\/gallery_referenciak_erdei_villa1-04-L-BL-mileva_15-768x512.jpg 768w, https:\/\/kamenrenesans.sk\/wp-content\/uploads\/2022\/07\/gallery_referenciak_erdei_villa1-04-L-BL-mileva_15-1536x1024.jpg 1536w\" sizes=\"auto, (max-width: 2000px) 100vw, 2000px\" \/>\t\t<\/div>\n\t\t\t\t<div class=\"elementor-portfolio-item__overlay\">\n\t\t\t\t<h3 class=\"elementor-portfolio-item__title\">\n\t\tErdei villa\t\t<\/h3>\n\t\t\t\t<\/div>\n\t\t\t\t<\/a>\n\t\t<\/article>\n\t\t\t\t<article class=\"elementor-portfolio-item elementor-post  post-1272 page type-page status-publish has-post-thumbnail hentry\">\n\t\t\t<a class=\"elementor-post__thumbnail__link\" href=\"https:\/\/kamenrenesans.sk\/hu\/referenciaink\/modern-furdoszoba-enterior\/\">\n\t\t\t\t<div class=\"elementor-portfolio-item__img elementor-post__thumbnail\">\n\t\t\t<img loading=\"lazy\" decoding=\"async\" width=\"1500\" height=\"2250\" src=\"https:\/\/kamenrenesans.sk\/wp-content\/uploads\/2022\/07\/gallery_referenciak_ModernFurdoszobaVillaSalve-01-P-BL-nyito1262.jpg\" class=\"attachment-full size-full wp-image-1099\" alt=\"\" srcset=\"https:\/\/kamenrenesans.sk\/wp-content\/uploads\/2022\/07\/gallery_referenciak_ModernFurdoszobaVillaSalve-01-P-BL-nyito1262.jpg 1500w, https:\/\/kamenrenesans.sk\/wp-content\/uploads\/2022\/07\/gallery_referenciak_ModernFurdoszobaVillaSalve-01-P-BL-nyito1262-200x300.jpg 200w, https:\/\/kamenrenesans.sk\/wp-content\/uploads\/2022\/07\/gallery_referenciak_ModernFurdoszobaVillaSalve-01-P-BL-nyito1262-683x1024.jpg 683w, https:\/\/kamenrenesans.sk\/wp-content\/uploads\/2022\/07\/gallery_referenciak_ModernFurdoszobaVillaSalve-01-P-BL-nyito1262-768x1152.jpg 768w, https:\/\/kamenrenesans.sk\/wp-content\/uploads\/2022\/07\/gallery_referenciak_ModernFurdoszobaVillaSalve-01-P-BL-nyito1262-1024x1536.jpg 1024w, https:\/\/kamenrenesans.sk\/wp-content\/uploads\/2022\/07\/gallery_referenciak_ModernFurdoszobaVillaSalve-01-P-BL-nyito1262-1365x2048.jpg 1365w\" sizes=\"auto, (max-width: 1500px) 100vw, 1500px\" \/>\t\t<\/div>\n\t\t\t\t<div class=\"elementor-portfolio-item__overlay\">\n\t\t\t\t<h3 class=\"elementor-portfolio-item__title\">\n\t\tModern f\u00fcrd\u0151szoba-enteri\u0151r\t\t<\/h3>\n\t\t\t\t<\/div>\n\t\t\t\t<\/a>\n\t\t<\/article>\n\t\t\t\t<article class=\"elementor-portfolio-item elementor-post  post-1266 page type-page status-publish has-post-thumbnail hentry\">\n\t\t\t<a class=\"elementor-post__thumbnail__link\" href=\"https:\/\/kamenrenesans.sk\/hu\/referenciaink\/utcabutor-budapest\/\">\n\t\t\t\t<div class=\"elementor-portfolio-item__img elementor-post__thumbnail\">\n\t\t\t<img loading=\"lazy\" decoding=\"async\" width=\"2000\" height=\"1500\" src=\"https:\/\/kamenrenesans.sk\/wp-content\/uploads\/2022\/07\/gallery_referenciak_utcabutor_vaciut-04-L-BL-IMG_1700.jpg\" class=\"attachment-full size-full wp-image-1112\" alt=\"dekorat\u00edvny kame\u0148 v Budapesti\" srcset=\"https:\/\/kamenrenesans.sk\/wp-content\/uploads\/2022\/07\/gallery_referenciak_utcabutor_vaciut-04-L-BL-IMG_1700.jpg 2000w, https:\/\/kamenrenesans.sk\/wp-content\/uploads\/2022\/07\/gallery_referenciak_utcabutor_vaciut-04-L-BL-IMG_1700-300x225.jpg 300w, https:\/\/kamenrenesans.sk\/wp-content\/uploads\/2022\/07\/gallery_referenciak_utcabutor_vaciut-04-L-BL-IMG_1700-1024x768.jpg 1024w, https:\/\/kamenrenesans.sk\/wp-content\/uploads\/2022\/07\/gallery_referenciak_utcabutor_vaciut-04-L-BL-IMG_1700-768x576.jpg 768w, https:\/\/kamenrenesans.sk\/wp-content\/uploads\/2022\/07\/gallery_referenciak_utcabutor_vaciut-04-L-BL-IMG_1700-1536x1152.jpg 1536w\" sizes=\"auto, (max-width: 2000px) 100vw, 2000px\" \/>\t\t<\/div>\n\t\t\t\t<div class=\"elementor-portfolio-item__overlay\">\n\t\t\t\t<h3 class=\"elementor-portfolio-item__title\">\n\t\tUtcab\u00fator (Budapest)\t\t<\/h3>\n\t\t\t\t<\/div>\n\t\t\t\t<\/a>\n\t\t<\/article>\n\t\t\t\t<article class=\"elementor-portfolio-item elementor-post  post-1274 page type-page status-publish has-post-thumbnail hentry\">\n\t\t\t<a class=\"elementor-post__thumbnail__link\" href=\"https:\/\/kamenrenesans.sk\/hu\/referenciaink\/csaladi-haz\/\">\n\t\t\t\t<div class=\"elementor-portfolio-item__img elementor-post__thumbnail\">\n\t\t\t<img loading=\"lazy\" decoding=\"async\" width=\"2000\" height=\"1333\" src=\"https:\/\/kamenrenesans.sk\/wp-content\/uploads\/2022\/07\/gallery_referenciak_csaladi_haz1-15-L-BL-haz_29.jpg\" class=\"attachment-full size-full wp-image-1132\" alt=\"\" srcset=\"https:\/\/kamenrenesans.sk\/wp-content\/uploads\/2022\/07\/gallery_referenciak_csaladi_haz1-15-L-BL-haz_29.jpg 2000w, https:\/\/kamenrenesans.sk\/wp-content\/uploads\/2022\/07\/gallery_referenciak_csaladi_haz1-15-L-BL-haz_29-300x200.jpg 300w, https:\/\/kamenrenesans.sk\/wp-content\/uploads\/2022\/07\/gallery_referenciak_csaladi_haz1-15-L-BL-haz_29-1024x682.jpg 1024w, https:\/\/kamenrenesans.sk\/wp-content\/uploads\/2022\/07\/gallery_referenciak_csaladi_haz1-15-L-BL-haz_29-768x512.jpg 768w, https:\/\/kamenrenesans.sk\/wp-content\/uploads\/2022\/07\/gallery_referenciak_csaladi_haz1-15-L-BL-haz_29-1536x1024.jpg 1536w\" sizes=\"auto, (max-width: 2000px) 100vw, 2000px\" \/>\t\t<\/div>\n\t\t\t\t<div class=\"elementor-portfolio-item__overlay\">\n\t\t\t\t<h3 class=\"elementor-portfolio-item__title\">\n\t\tCsal\u00e1di h\u00e1z\t\t<\/h3>\n\t\t\t\t<\/div>\n\t\t\t\t<\/a>\n\t\t<\/article>\n\t\t\t\t<article class=\"elementor-portfolio-item elementor-post  post-1268 page type-page status-publish has-post-thumbnail hentry\">\n\t\t\t<a class=\"elementor-post__thumbnail__link\" href=\"https:\/\/kamenrenesans.sk\/hu\/referenciaink\/okodom\/\">\n\t\t\t\t<div class=\"elementor-portfolio-item__img elementor-post__thumbnail\">\n\t\t\t<img loading=\"lazy\" decoding=\"async\" width=\"2000\" height=\"1333\" src=\"https:\/\/kamenrenesans.sk\/wp-content\/uploads\/2022\/07\/gallery_referenciak_okohaz-01-L-BL-okohaz_001.jpg\" class=\"attachment-full size-full wp-image-1141\" alt=\"\" srcset=\"https:\/\/kamenrenesans.sk\/wp-content\/uploads\/2022\/07\/gallery_referenciak_okohaz-01-L-BL-okohaz_001.jpg 2000w, https:\/\/kamenrenesans.sk\/wp-content\/uploads\/2022\/07\/gallery_referenciak_okohaz-01-L-BL-okohaz_001-300x200.jpg 300w, https:\/\/kamenrenesans.sk\/wp-content\/uploads\/2022\/07\/gallery_referenciak_okohaz-01-L-BL-okohaz_001-1024x682.jpg 1024w, https:\/\/kamenrenesans.sk\/wp-content\/uploads\/2022\/07\/gallery_referenciak_okohaz-01-L-BL-okohaz_001-768x512.jpg 768w, https:\/\/kamenrenesans.sk\/wp-content\/uploads\/2022\/07\/gallery_referenciak_okohaz-01-L-BL-okohaz_001-1536x1024.jpg 1536w\" sizes=\"auto, (max-width: 2000px) 100vw, 2000px\" \/>\t\t<\/div>\n\t\t\t\t<div class=\"elementor-portfolio-item__overlay\">\n\t\t\t\t<h3 class=\"elementor-portfolio-item__title\">\n\t\t\u00d6koh\u00e1z\t\t<\/h3>\n\t\t\t\t<\/div>\n\t\t\t\t<\/a>\n\t\t<\/article>\n\t\t\t\t<\/div>\n\t\t\t\t<\/div>\n\t\t\t\t<\/div>\n\t\t\t\t\t<\/div>\n\t\t<\/div>\n\t\t\t\t\t\t\t<\/div>\n\t\t<\/section>\n\t\t\t\t\t\t\t<\/div>\n\t\t","protected":false},"excerpt":{"rendered":"<p>Referenci\u00e1ink Tekintse meg referenci\u00e1inkat! Az al\u00e1bbiakban olyan projektek gal\u00e9ri\u00e1it tal\u00e1lja, amelyek term\u00e9szetes k\u0151b\u0151l k\u00e9sz\u00fcltek, valamint \u00f6tv\u00f6zik a modern \u00e9s a hagyom\u00e1nyos \u00e9p\u00edt\u00e9szet elemeit.<\/p>\n","protected":false},"author":1,"featured_media":0,"parent":0,"menu_order":0,"comment_status":"closed","ping_status":"closed","template":"","meta":{"inline_featured_image":false,"footnotes":""},"class_list":["post-1264","page","type-page","status-publish","hentry"],"acf":[],"_links":{"self":[{"href":"https:\/\/kamenrenesans.sk\/hu\/wp-json\/wp\/v2\/pages\/1264","targetHints":{"allow":["GET"]}}],"collection":[{"href":"https:\/\/kamenrenesans.sk\/hu\/wp-json\/wp\/v2\/pages"}],"about":[{"href":"https:\/\/kamenrenesans.sk\/hu\/wp-json\/wp\/v2\/types\/page"}],"author":[{"embeddable":true,"href":"https:\/\/kamenrenesans.sk\/hu\/wp-json\/wp\/v2\/users\/1"}],"replies":[{"embeddable":true,"href":"https:\/\/kamenrenesans.sk\/hu\/wp-json\/wp\/v2\/comments?post=1264"}],"version-history":[{"count":2,"href":"https:\/\/kamenrenesans.sk\/hu\/wp-json\/wp\/v2\/pages\/1264\/revisions"}],"predecessor-version":[{"id":2129,"href":"https:\/\/kamenrenesans.sk\/hu\/wp-json\/wp\/v2\/pages\/1264\/revisions\/2129"}],"wp:attachment":[{"href":"https:\/\/kamenrenesans.sk\/hu\/wp-json\/wp\/v2\/media?parent=1264"}],"curies":[{"name":"wp","href":"https:\/\/api.w.org\/{rel}","templated":true}]}}