{"id":1407,"date":"2022-07-28T08:50:00","date_gmt":"2022-07-28T08:50:00","guid":{"rendered":"https:\/\/www.kamenrenesans.sk\/termekek\/kulteri-padloburkolat\/"},"modified":"2022-08-17T07:38:40","modified_gmt":"2022-08-17T07:38:40","slug":"kulteri-padloburkolat","status":"publish","type":"page","link":"https:\/\/kamenrenesans.sk\/hu\/termekek\/kulteri-padloburkolat\/","title":{"rendered":"K\u00fclt\u00e9ri padl\u00f3burkolatok"},"content":{"rendered":"\t\t<div data-elementor-type=\"wp-page\" data-elementor-id=\"1407\" class=\"elementor elementor-1407 elementor-1385\">\n\t\t\t\t\t\t\t\t\t<section class=\"elementor-section elementor-top-section elementor-element elementor-element-3d4186e elementor-section-height-min-height elementor-section-full_width elementor-section-items-top elementor-section-height-default\" data-id=\"3d4186e\" data-element_type=\"section\" data-e-bg-lazyload=\".elementor-background-overlay\">\n\t\t\t\t\t\t\t<div class=\"elementor-background-overlay\"><\/div>\n\t\t\t\t\t\t\t<div class=\"elementor-container elementor-column-gap-default\">\n\t\t\t\t\t<div class=\"elementor-column elementor-col-50 elementor-top-column elementor-element elementor-element-1726706\" data-id=\"1726706\" data-element_type=\"column\">\n\t\t\t<div class=\"elementor-widget-wrap elementor-element-populated\">\n\t\t\t\t\t\t\t\t<div class=\"elementor-element elementor-element-121ed07 elementor-widget elementor-widget-heading\" data-id=\"121ed07\" data-element_type=\"widget\" data-widget_type=\"heading.default\">\n\t\t\t\t<div class=\"elementor-widget-container\">\n\t\t\t<style>\/*! elementor - v3.12.2 - 23-04-2023 *\/\n.elementor-heading-title{padding:0;margin:0;line-height:1}.elementor-widget-heading .elementor-heading-title[class*=elementor-size-]>a{color:inherit;font-size:inherit;line-height:inherit}.elementor-widget-heading .elementor-heading-title.elementor-size-small{font-size:15px}.elementor-widget-heading .elementor-heading-title.elementor-size-medium{font-size:19px}.elementor-widget-heading .elementor-heading-title.elementor-size-large{font-size:29px}.elementor-widget-heading .elementor-heading-title.elementor-size-xl{font-size:39px}.elementor-widget-heading .elementor-heading-title.elementor-size-xxl{font-size:59px}<\/style><h1 class=\"elementor-heading-title elementor-size-default\">K\u00fclt\u00e9ri padl\u00f3burkolatok<\/h1>\t\t<\/div>\n\t\t\t\t<\/div>\n\t\t\t\t<div class=\"elementor-element elementor-element-4f8b929 elementor-widget-divider--view-line elementor-widget elementor-widget-divider\" data-id=\"4f8b929\" data-element_type=\"widget\" data-widget_type=\"divider.default\">\n\t\t\t\t<div class=\"elementor-widget-container\">\n\t\t\t<style>\/*! elementor - v3.12.2 - 23-04-2023 *\/\n.elementor-widget-divider{--divider-border-style:none;--divider-border-width:1px;--divider-color:#0c0d0e;--divider-icon-size:20px;--divider-element-spacing:10px;--divider-pattern-height:24px;--divider-pattern-size:20px;--divider-pattern-url:none;--divider-pattern-repeat:repeat-x}.elementor-widget-divider .elementor-divider{display:flex}.elementor-widget-divider .elementor-divider__text{font-size:15px;line-height:1;max-width:95%}.elementor-widget-divider .elementor-divider__element{margin:0 var(--divider-element-spacing);flex-shrink:0}.elementor-widget-divider .elementor-icon{font-size:var(--divider-icon-size)}.elementor-widget-divider .elementor-divider-separator{display:flex;margin:0;direction:ltr}.elementor-widget-divider--view-line_icon .elementor-divider-separator,.elementor-widget-divider--view-line_text .elementor-divider-separator{align-items:center}.elementor-widget-divider--view-line_icon .elementor-divider-separator:after,.elementor-widget-divider--view-line_icon .elementor-divider-separator:before,.elementor-widget-divider--view-line_text .elementor-divider-separator:after,.elementor-widget-divider--view-line_text .elementor-divider-separator:before{display:block;content:\"\";border-bottom:0;flex-grow:1;border-top:var(--divider-border-width) var(--divider-border-style) var(--divider-color)}.elementor-widget-divider--element-align-left .elementor-divider .elementor-divider-separator>.elementor-divider__svg:first-of-type{flex-grow:0;flex-shrink:100}.elementor-widget-divider--element-align-left .elementor-divider-separator:before{content:none}.elementor-widget-divider--element-align-left .elementor-divider__element{margin-left:0}.elementor-widget-divider--element-align-right .elementor-divider .elementor-divider-separator>.elementor-divider__svg:last-of-type{flex-grow:0;flex-shrink:100}.elementor-widget-divider--element-align-right .elementor-divider-separator:after{content:none}.elementor-widget-divider--element-align-right .elementor-divider__element{margin-right:0}.elementor-widget-divider:not(.elementor-widget-divider--view-line_text):not(.elementor-widget-divider--view-line_icon) .elementor-divider-separator{border-top:var(--divider-border-width) var(--divider-border-style) var(--divider-color)}.elementor-widget-divider--separator-type-pattern{--divider-border-style:none}.elementor-widget-divider--separator-type-pattern.elementor-widget-divider--view-line .elementor-divider-separator,.elementor-widget-divider--separator-type-pattern:not(.elementor-widget-divider--view-line) .elementor-divider-separator:after,.elementor-widget-divider--separator-type-pattern:not(.elementor-widget-divider--view-line) .elementor-divider-separator:before,.elementor-widget-divider--separator-type-pattern:not([class*=elementor-widget-divider--view]) .elementor-divider-separator{width:100%;min-height:var(--divider-pattern-height);-webkit-mask-size:var(--divider-pattern-size) 100%;mask-size:var(--divider-pattern-size) 100%;-webkit-mask-repeat:var(--divider-pattern-repeat);mask-repeat:var(--divider-pattern-repeat);background-color:var(--divider-color);-webkit-mask-image:var(--divider-pattern-url);mask-image:var(--divider-pattern-url)}.elementor-widget-divider--no-spacing{--divider-pattern-size:auto}.elementor-widget-divider--bg-round{--divider-pattern-repeat:round}.rtl .elementor-widget-divider .elementor-divider__text{direction:rtl}.e-con-inner>.elementor-widget-divider,.e-con>.elementor-widget-divider{width:var(--container-widget-width,100%);--flex-grow:var(--container-widget-flex-grow)}<\/style>\t\t<div class=\"elementor-divider\">\n\t\t\t<span class=\"elementor-divider-separator\">\n\t\t\t\t\t\t<\/span>\n\t\t<\/div>\n\t\t\t\t<\/div>\n\t\t\t\t<\/div>\n\t\t\t\t<div class=\"elementor-element elementor-element-1c03d28 elementor-widget elementor-widget-text-editor\" data-id=\"1c03d28\" data-element_type=\"widget\" data-widget_type=\"text-editor.default\">\n\t\t\t\t<div class=\"elementor-widget-container\">\n\t\t\t<style>\/*! elementor - v3.12.2 - 23-04-2023 *\/\n.elementor-widget-text-editor.elementor-drop-cap-view-stacked .elementor-drop-cap{background-color:#69727d;color:#fff}.elementor-widget-text-editor.elementor-drop-cap-view-framed .elementor-drop-cap{color:#69727d;border:3px solid;background-color:transparent}.elementor-widget-text-editor:not(.elementor-drop-cap-view-default) .elementor-drop-cap{margin-top:8px}.elementor-widget-text-editor:not(.elementor-drop-cap-view-default) .elementor-drop-cap-letter{width:1em;height:1em}.elementor-widget-text-editor .elementor-drop-cap{float:left;text-align:center;line-height:1;font-size:50px}.elementor-widget-text-editor .elementor-drop-cap-letter{display:inline-block}<\/style>\t\t\t\tKert\u00fcnk a pihen\u00e9s, a term\u00e9szettel val\u00f3 kapcsolatteremt\u00e9s helysz\u00edne, s mint ilyen, meg\u00e9rdemli, hogy term\u00e9szetes \u00e9s k\u00f6rnyezetbar\u00e1t anyagokat haszn\u00e1ljunk kialak\u00edt\u00e1sakor. A s\u00fctt\u0151i Renesz\u00e1nsz Travertin m\u00e9szk\u0151 j\u00e1rda- \u00e9s teraszburkolatok r\u00e1ad\u00e1sul \u2013 m\u00e1s burkol\u00f3anyagokkal ellent\u00e9tben \u2013 egy forr\u00f3 ny\u00e1ri napon sem melegszenek fel. A s\u00fctt\u0151i m\u00e9szk\u0151 ugyanis j\u00f3 h\u0151visszaver\u0151 k\u00e9pess\u00e9g\u00e9nek k\u00f6sz\u00f6nhet\u0151en cs\u00f6kkenti a h\u0151szigethat\u00e1st, fel\u00fclet\u00e9nek h\u0151m\u00e9rs\u00e9klete pedig alig n\u00e9h\u00e1ny fokkal magasabb, mint a f\u00fcves ter\u00fclet\u00e9, \u00edgy mez\u00edtl\u00e1b is s\u00e9t\u00e1lhatunk rajta.\t\t\t\t\t\t<\/div>\n\t\t\t\t<\/div>\n\t\t\t\t<div class=\"elementor-element elementor-element-aa3def6 elementor-widget elementor-widget-heading\" data-id=\"aa3def6\" data-element_type=\"widget\" data-widget_type=\"heading.default\">\n\t\t\t\t<div class=\"elementor-widget-container\">\n\t\t\t<h2 class=\"elementor-heading-title elementor-size-large\">Term\u00e9szetes padl\u00f3burkolatok tart\u00f3ss\u00e1ga<\/h2>\t\t<\/div>\n\t\t\t\t<\/div>\n\t\t\t\t<div class=\"elementor-element elementor-element-fc9a931 elementor-widget elementor-widget-text-editor\" data-id=\"fc9a931\" data-element_type=\"widget\" data-widget_type=\"text-editor.default\">\n\t\t\t\t<div class=\"elementor-widget-container\">\n\t\t\t\t\t\t\tTerm\u00e9szetes k\u00f6vek k\u00fclt\u00e9ri alkalmaz\u00e1s\u00e1n\u00e1l a kop\u00e1s\u00e1ll\u00f3s\u00e1g \u00e9s cs\u00fasz\u00e1smentess\u00e9g is rendk\u00edv\u00fcl fontos, \u00edgy durv\u00e1n megmunk\u00e1lt fel\u00fclet\u0171 k\u00f6vek haszn\u00e1lat\u00e1t javasoljuk. A Renesz\u00e1nsz Travertin m\u00e9szk\u0151b\u0151l gy\u00e1rtunk antikolt, koptatott, gy\u00e9m\u00e1ntkef\u00e9lt, illetve homoksz\u00f3rt fel\u00fcleteket is, amelyekkel a t\u00e9li id\u0151szakban cs\u00f6kkenthet\u0151 a cs\u00fasz\u00e1svesz\u00e9ly.\t\t\t\t\t\t<\/div>\n\t\t\t\t<\/div>\n\t\t\t\t<div class=\"elementor-element elementor-element-cca48b6 elementor-widget elementor-widget-heading\" data-id=\"cca48b6\" data-element_type=\"widget\" data-widget_type=\"heading.default\">\n\t\t\t\t<div class=\"elementor-widget-container\">\n\t\t\t<h2 class=\"elementor-heading-title elementor-size-large\">Padl\u00f3burkolatok r\u00f6gz\u00edt\u00e9se<\/h2>\t\t<\/div>\n\t\t\t\t<\/div>\n\t\t\t\t<div class=\"elementor-element elementor-element-99a281b elementor-widget elementor-widget-text-editor\" data-id=\"99a281b\" data-element_type=\"widget\" data-widget_type=\"text-editor.default\">\n\t\t\t\t<div class=\"elementor-widget-container\">\n\t\t\t\t\t\t\tK\u00fclt\u00e9ri padl\u00f3- \u00e9s t\u00e9rburkolataink ragasztott vagy cementes \u00e1gyazatba, illetve sz\u00e1raz technol\u00f3gi\u00e1val is helyezhet\u0151k. A burkol\u00f3lapok vastags\u00e1ga legal\u00e1bb 3 cm, sz\u00e1razon helyezett burkolat eset\u00e9ben legal\u00e1bb 5 cm, a tervezett terhel\u00e9st\u0151l f\u00fcgg\u0151en.\t\t\t\t\t\t<\/div>\n\t\t\t\t<\/div>\n\t\t\t\t<div class=\"elementor-element elementor-element-0a469e4 elementor-align-left elementor-widget elementor-widget-button\" data-id=\"0a469e4\" data-element_type=\"widget\" data-widget_type=\"button.default\">\n\t\t\t\t<div class=\"elementor-widget-container\">\n\t\t\t\t\t<div class=\"elementor-button-wrapper\">\n\t\t\t<a href=\"https:\/\/kamenrenesans.sk\/kontakty\/\" class=\"elementor-button-link elementor-button elementor-size-md\" role=\"button\">\n\t\t\t\t\t\t<span class=\"elementor-button-content-wrapper\">\n\t\t\t\t\t\t<span class=\"elementor-button-text\">\u00c9rdekel<\/span>\n\t\t<\/span>\n\t\t\t\t\t<\/a>\n\t\t<\/div>\n\t\t\t\t<\/div>\n\t\t\t\t<\/div>\n\t\t\t\t\t<\/div>\n\t\t<\/div>\n\t\t\t\t<div class=\"elementor-column elementor-col-50 elementor-top-column elementor-element elementor-element-9f53ffc\" data-id=\"9f53ffc\" data-element_type=\"column\">\n\t\t\t<div class=\"elementor-widget-wrap elementor-element-populated\">\n\t\t\t\t\t\t\t\t<div class=\"elementor-element elementor-element-093cacb elementor-widget elementor-widget-gallery\" data-id=\"093cacb\" data-element_type=\"widget\" data-settings=\"{&quot;columns&quot;:2,&quot;gap&quot;:{&quot;unit&quot;:&quot;px&quot;,&quot;size&quot;:14,&quot;sizes&quot;:[]},&quot;aspect_ratio&quot;:&quot;1:1&quot;,&quot;gap_tablet&quot;:{&quot;unit&quot;:&quot;px&quot;,&quot;size&quot;:14,&quot;sizes&quot;:[]},&quot;gap_mobile&quot;:{&quot;unit&quot;:&quot;px&quot;,&quot;size&quot;:14,&quot;sizes&quot;:[]},&quot;lazyload&quot;:&quot;yes&quot;,&quot;gallery_layout&quot;:&quot;grid&quot;,&quot;columns_tablet&quot;:2,&quot;columns_mobile&quot;:1,&quot;link_to&quot;:&quot;file&quot;,&quot;overlay_background&quot;:&quot;yes&quot;,&quot;content_hover_animation&quot;:&quot;fade-in&quot;}\" data-widget_type=\"gallery.default\">\n\t\t\t\t<div class=\"elementor-widget-container\">\n\t\t\t<style>\/*! elementor-pro - v3.12.3 - 23-04-2023 *\/\n.elementor-gallery__container{min-height:1px}.elementor-gallery-item{position:relative;overflow:hidden;display:block;text-decoration:none;border:solid var(--image-border-width) var(--image-border-color);border-radius:var(--image-border-radius)}.elementor-gallery-item__content,.elementor-gallery-item__overlay{height:100%;width:100%;position:absolute;top:0;left:0}.elementor-gallery-item__overlay{mix-blend-mode:var(--overlay-mix-blend-mode);transition-duration:var(--overlay-transition-duration);transition-property:mix-blend-mode,transform,opacity,background-color}.elementor-gallery-item__image.e-gallery-image{transition-duration:var(--image-transition-duration);transition-property:filter,transform}.elementor-gallery-item__content{display:flex;flex-direction:column;justify-content:var(--content-justify-content,center);align-items:center;text-align:var(--content-text-align);padding:var(--content-padding)}.elementor-gallery-item__content>div{transition-duration:var(--content-transition-duration)}.elementor-gallery-item__content.elementor-gallery--sequenced-animation>div:nth-child(2){transition-delay:calc(var(--content-transition-delay) \/ 3)}.elementor-gallery-item__content.elementor-gallery--sequenced-animation>div:nth-child(3){transition-delay:calc(var(--content-transition-delay) \/ 3 * 2)}.elementor-gallery-item__content.elementor-gallery--sequenced-animation>div:nth-child(4){transition-delay:calc(var(--content-transition-delay) \/ 3 * 3)}.elementor-gallery-item__description{color:var(--description-text-color,#fff);width:100%}.elementor-gallery-item__title{color:var(--title-text-color,#fff);font-weight:700;width:100%}.elementor-gallery__titles-container{display:flex;flex-wrap:wrap;justify-content:var(--titles-container-justify-content,center);margin-bottom:20px}.elementor-gallery__titles-container:not(.e--pointer-framed) .elementor-item:after,.elementor-gallery__titles-container:not(.e--pointer-framed) .elementor-item:before{background-color:var(--galleries-pointer-bg-color-hover)}.elementor-gallery__titles-container:not(.e--pointer-framed) .elementor-item.elementor-item-active:after,.elementor-gallery__titles-container:not(.e--pointer-framed) .elementor-item.elementor-item-active:before{background-color:var(--galleries-pointer-bg-color-active)}.elementor-gallery__titles-container.e--pointer-framed .elementor-item:before{border-color:var(--galleries-pointer-bg-color-hover);border-width:var(--galleries-pointer-border-width)}.elementor-gallery__titles-container.e--pointer-framed .elementor-item:after{border-color:var(--galleries-pointer-bg-color-hover)}.elementor-gallery__titles-container.e--pointer-framed .elementor-item.elementor-item-active:after,.elementor-gallery__titles-container.e--pointer-framed .elementor-item.elementor-item-active:before{border-color:var(--galleries-pointer-bg-color-active)}.elementor-gallery__titles-container.e--pointer-framed.e--animation-draw .elementor-item:before{border-left-width:var(--galleries-pointer-border-width);border-bottom-width:var(--galleries-pointer-border-width);border-right-width:0;border-top-width:0}.elementor-gallery__titles-container.e--pointer-framed.e--animation-draw .elementor-item:after{border-left-width:0;border-bottom-width:0;border-right-width:var(--galleries-pointer-border-width);border-top-width:var(--galleries-pointer-border-width)}.elementor-gallery__titles-container.e--pointer-framed.e--animation-corners .elementor-item:before{border-left-width:var(--galleries-pointer-border-width);border-bottom-width:0;border-right-width:0;border-top-width:var(--galleries-pointer-border-width)}.elementor-gallery__titles-container.e--pointer-framed.e--animation-corners .elementor-item:after{border-left-width:0;border-bottom-width:var(--galleries-pointer-border-width);border-right-width:var(--galleries-pointer-border-width);border-top-width:0}.elementor-gallery__titles-container .e--pointer-double-line .elementor-item:after,.elementor-gallery__titles-container .e--pointer-double-line .elementor-item:before,.elementor-gallery__titles-container .e--pointer-overline .elementor-item:before,.elementor-gallery__titles-container .e--pointer-underline .elementor-item:after{height:var(--galleries-pointer-border-width)}.elementor-gallery-title{--space-between:10px;cursor:pointer;color:#6d7882;font-weight:500;position:relative;padding:7px 14px;transition:all .3s}.elementor-gallery-title--active{color:#495157}.elementor-gallery-title:not(:last-child){margin-right:var(--space-between)}.elementor-gallery-item__title+.elementor-gallery-item__description{margin-top:var(--description-margin-top)}.e-gallery-item.elementor-gallery-item{transition-property:all}.e-gallery-item.elementor-animated-content .elementor-animated-item--enter-from-bottom,.e-gallery-item.elementor-animated-content .elementor-animated-item--enter-from-left,.e-gallery-item.elementor-animated-content .elementor-animated-item--enter-from-right,.e-gallery-item.elementor-animated-content .elementor-animated-item--enter-from-top,.e-gallery-item:hover .elementor-gallery__item-overlay-bg,.e-gallery-item:hover .elementor-gallery__item-overlay-content,.e-gallery-item:hover .elementor-gallery__item-overlay-content__description,.e-gallery-item:hover .elementor-gallery__item-overlay-content__title{opacity:1}a.elementor-item.elementor-gallery-title{color:var(--galleries-title-color-normal)}a.elementor-item.elementor-gallery-title.elementor-item-active,a.elementor-item.elementor-gallery-title.highlighted,a.elementor-item.elementor-gallery-title:focus,a.elementor-item.elementor-gallery-title:hover{color:var(--galleries-title-color-hover)}a.elementor-item.elementor-gallery-title.elementor-item-active{color:var(--gallery-title-color-active)}.e-con-inner>.elementor-widget-gallery,.e-con>.elementor-widget-gallery{width:var(--container-widget-width);--flex-grow:var(--container-widget-flex-grow)}<\/style>\t\t<div class=\"elementor-gallery__container\">\n\t\t\t\t\t\t\t<a class=\"e-gallery-item elementor-gallery-item elementor-animated-content\" href=\"https:\/\/kamenrenesans.sk\/wp-content\/uploads\/2022\/07\/gallery_referenciak_okohaz-09-P-BL-okohaz_villar036.jpg\" data-elementor-open-lightbox=\"yes\" data-elementor-lightbox-slideshow=\"all-093cacb\" data-elementor-lightbox-title=\"gallery_referenciak_okohaz-09-P-BL-okohaz_villar036\" data-e-action-hash=\"#elementor-action%3Aaction%3Dlightbox%26settings%3DeyJpZCI6NjM2LCJ1cmwiOiJodHRwczpcL1wva2FtZW5yZW5lc2Fucy5za1wvd3AtY29udGVudFwvdXBsb2Fkc1wvMjAyMlwvMDdcL2dhbGxlcnlfcmVmZXJlbmNpYWtfb2tvaGF6LTA5LVAtQkwtb2tvaGF6X3ZpbGxhcjAzNi5qcGciLCJzbGlkZXNob3ciOiJhbGwtMDkzY2FjYiJ9\">\n\t\t\t\t\t<div class=\"e-gallery-image elementor-gallery-item__image\" data-thumbnail=\"https:\/\/kamenrenesans.sk\/wp-content\/uploads\/2022\/07\/gallery_referenciak_okohaz-09-P-BL-okohaz_villar036-707x1024.jpg\" data-width=\"707\" data-height=\"1024\" aria-label=\"kamenn\u00e9 podlahov\u00e9 krytiny\" role=\"img\" ><\/div>\n\t\t\t\t\t\t\t\t\t\t\t<div class=\"elementor-gallery-item__overlay\"><\/div>\n\t\t\t\t\t\t\t\t\t\t\t\t\t\t<\/a>\n\t\t\t\t\t\t\t<a class=\"e-gallery-item elementor-gallery-item elementor-animated-content\" href=\"https:\/\/kamenrenesans.sk\/wp-content\/uploads\/2022\/07\/gallery_referenciak_csaladi_haz1-14-L-BL-haz_23.jpg\" data-elementor-open-lightbox=\"yes\" data-elementor-lightbox-slideshow=\"all-093cacb\" data-elementor-lightbox-title=\"gallery_referenciak_csaladi_haz1-14-L-BL-haz_23\" data-e-action-hash=\"#elementor-action%3Aaction%3Dlightbox%26settings%3DeyJpZCI6NjAxLCJ1cmwiOiJodHRwczpcL1wva2FtZW5yZW5lc2Fucy5za1wvd3AtY29udGVudFwvdXBsb2Fkc1wvMjAyMlwvMDdcL2dhbGxlcnlfcmVmZXJlbmNpYWtfY3NhbGFkaV9oYXoxLTE0LUwtQkwtaGF6XzIzLmpwZyIsInNsaWRlc2hvdyI6ImFsbC0wOTNjYWNiIn0%3D\">\n\t\t\t\t\t<div class=\"e-gallery-image elementor-gallery-item__image\" data-thumbnail=\"https:\/\/kamenrenesans.sk\/wp-content\/uploads\/2022\/07\/gallery_referenciak_csaladi_haz1-14-L-BL-haz_23-1024x682.jpg\" data-width=\"800\" data-height=\"533\" aria-label=\"kamenn\u00e9 podlahov\u00e9 krytiny\" role=\"img\" ><\/div>\n\t\t\t\t\t\t\t\t\t\t\t<div class=\"elementor-gallery-item__overlay\"><\/div>\n\t\t\t\t\t\t\t\t\t\t\t\t\t\t<\/a>\n\t\t\t\t\t\t\t<a class=\"e-gallery-item elementor-gallery-item elementor-animated-content\" href=\"https:\/\/kamenrenesans.sk\/wp-content\/uploads\/2022\/07\/gallery_referenciak_VillaSalve-02-P-BL-1122.jpg\" data-elementor-open-lightbox=\"yes\" data-elementor-lightbox-slideshow=\"all-093cacb\" data-elementor-lightbox-title=\"gallery_referenciak_VillaSalve-02-P-BL-1122\" data-e-action-hash=\"#elementor-action%3Aaction%3Dlightbox%26settings%3DeyJpZCI6NDc3LCJ1cmwiOiJodHRwczpcL1wva2FtZW5yZW5lc2Fucy5za1wvd3AtY29udGVudFwvdXBsb2Fkc1wvMjAyMlwvMDdcL2dhbGxlcnlfcmVmZXJlbmNpYWtfVmlsbGFTYWx2ZS0wMi1QLUJMLTExMjIuanBnIiwic2xpZGVzaG93IjoiYWxsLTA5M2NhY2IifQ%3D%3D\">\n\t\t\t\t\t<div class=\"e-gallery-image elementor-gallery-item__image\" data-thumbnail=\"https:\/\/kamenrenesans.sk\/wp-content\/uploads\/2022\/07\/gallery_referenciak_VillaSalve-02-P-BL-1122-683x1024.jpg\" data-width=\"683\" data-height=\"1024\" aria-label=\"kamenn\u00e9 podlahov\u00e9 krytiny od kame\u0148 renesans\" role=\"img\" ><\/div>\n\t\t\t\t\t\t\t\t\t\t\t<div class=\"elementor-gallery-item__overlay\"><\/div>\n\t\t\t\t\t\t\t\t\t\t\t\t\t\t<\/a>\n\t\t\t\t\t\t\t<a class=\"e-gallery-item elementor-gallery-item elementor-animated-content\" href=\"https:\/\/kamenrenesans.sk\/wp-content\/uploads\/2022\/07\/gallery_referenciak_VillaSalve-03-P-BL-1124.jpg\" data-elementor-open-lightbox=\"yes\" data-elementor-lightbox-slideshow=\"all-093cacb\" data-elementor-lightbox-title=\"gallery_referenciak_VillaSalve-03-P-BL-1124\" data-e-action-hash=\"#elementor-action%3Aaction%3Dlightbox%26settings%3DeyJpZCI6NDc4LCJ1cmwiOiJodHRwczpcL1wva2FtZW5yZW5lc2Fucy5za1wvd3AtY29udGVudFwvdXBsb2Fkc1wvMjAyMlwvMDdcL2dhbGxlcnlfcmVmZXJlbmNpYWtfVmlsbGFTYWx2ZS0wMy1QLUJMLTExMjQuanBnIiwic2xpZGVzaG93IjoiYWxsLTA5M2NhY2IifQ%3D%3D\">\n\t\t\t\t\t<div class=\"e-gallery-image elementor-gallery-item__image\" data-thumbnail=\"https:\/\/kamenrenesans.sk\/wp-content\/uploads\/2022\/07\/gallery_referenciak_VillaSalve-03-P-BL-1124-683x1024.jpg\" data-width=\"683\" data-height=\"1024\" aria-label=\"kamenn\u00e9 podlahov\u00e9 krytiny\" role=\"img\" ><\/div>\n\t\t\t\t\t\t\t\t\t\t\t<div class=\"elementor-gallery-item__overlay\"><\/div>\n\t\t\t\t\t\t\t\t\t\t\t\t\t\t<\/a>\n\t\t\t\t\t\t\t<a class=\"e-gallery-item elementor-gallery-item elementor-animated-content\" href=\"https:\/\/kamenrenesans.sk\/wp-content\/uploads\/2022\/07\/gallery_referenciak_VillaSalve-06-P-BL-1171.jpg\" data-elementor-open-lightbox=\"yes\" data-elementor-lightbox-slideshow=\"all-093cacb\" data-elementor-lightbox-title=\"gallery_referenciak_VillaSalve-06-P-BL-1171\" data-e-action-hash=\"#elementor-action%3Aaction%3Dlightbox%26settings%3DeyJpZCI6NDgxLCJ1cmwiOiJodHRwczpcL1wva2FtZW5yZW5lc2Fucy5za1wvd3AtY29udGVudFwvdXBsb2Fkc1wvMjAyMlwvMDdcL2dhbGxlcnlfcmVmZXJlbmNpYWtfVmlsbGFTYWx2ZS0wNi1QLUJMLTExNzEuanBnIiwic2xpZGVzaG93IjoiYWxsLTA5M2NhY2IifQ%3D%3D\">\n\t\t\t\t\t<div class=\"e-gallery-image elementor-gallery-item__image\" data-thumbnail=\"https:\/\/kamenrenesans.sk\/wp-content\/uploads\/2022\/07\/gallery_referenciak_VillaSalve-06-P-BL-1171-683x1024.jpg\" data-width=\"683\" data-height=\"1024\" aria-label=\"kamenn\u00e9 podlahov\u00e9 krytiny\" role=\"img\" ><\/div>\n\t\t\t\t\t\t\t\t\t\t\t<div class=\"elementor-gallery-item__overlay\"><\/div>\n\t\t\t\t\t\t\t\t\t\t\t\t\t\t<\/a>\n\t\t\t\t\t<\/div>\n\t\t\t<\/div>\n\t\t\t\t<\/div>\n\t\t\t\t\t<\/div>\n\t\t<\/div>\n\t\t\t\t\t\t\t<\/div>\n\t\t<\/section>\n\t\t\t\t\t\t\t<\/div>\n\t\t","protected":false},"excerpt":{"rendered":"<p>Kert\u00fcnk a pihen\u00e9s, a term\u00e9szettel val\u00f3 kapcsolatteremt\u00e9s helysz\u00edne, s mint ilyen, meg\u00e9rdemli, hogy term\u00e9szetes \u00e9s k\u00f6rnyezetbar\u00e1t anyagokat haszn\u00e1ljunk kialak\u00edt\u00e1sakor. A s\u00fctt\u0151i Renesz\u00e1nsz Travertin m\u00e9szk\u0151 j\u00e1rda- \u00e9s teraszburkolatok r\u00e1ad\u00e1sul \u2013 m\u00e1s burkol\u00f3anyagokkal ellent\u00e9tben \u2013 egy forr\u00f3 ny\u00e1ri napon sem melegszenek fel. A s\u00fctt\u0151i m\u00e9szk\u0151 ugyanis j\u00f3 h\u0151visszaver\u0151 k\u00e9pess\u00e9g\u00e9nek k\u00f6sz\u00f6nhet\u0151en cs\u00f6kkenti a h\u0151szigethat\u00e1st, fel\u00fclet\u00e9nek h\u0151m\u00e9rs\u00e9klete pedig alig [&hellip;]<\/p>\n","protected":false},"author":1,"featured_media":1083,"parent":1252,"menu_order":0,"comment_status":"closed","ping_status":"closed","template":"","meta":{"inline_featured_image":false,"footnotes":""},"class_list":["post-1407","page","type-page","status-publish","has-post-thumbnail","hentry"],"acf":[],"_links":{"self":[{"href":"https:\/\/kamenrenesans.sk\/hu\/wp-json\/wp\/v2\/pages\/1407","targetHints":{"allow":["GET"]}}],"collection":[{"href":"https:\/\/kamenrenesans.sk\/hu\/wp-json\/wp\/v2\/pages"}],"about":[{"href":"https:\/\/kamenrenesans.sk\/hu\/wp-json\/wp\/v2\/types\/page"}],"author":[{"embeddable":true,"href":"https:\/\/kamenrenesans.sk\/hu\/wp-json\/wp\/v2\/users\/1"}],"replies":[{"embeddable":true,"href":"https:\/\/kamenrenesans.sk\/hu\/wp-json\/wp\/v2\/comments?post=1407"}],"version-history":[{"count":5,"href":"https:\/\/kamenrenesans.sk\/hu\/wp-json\/wp\/v2\/pages\/1407\/revisions"}],"predecessor-version":[{"id":2192,"href":"https:\/\/kamenrenesans.sk\/hu\/wp-json\/wp\/v2\/pages\/1407\/revisions\/2192"}],"up":[{"embeddable":true,"href":"https:\/\/kamenrenesans.sk\/hu\/wp-json\/wp\/v2\/pages\/1252"}],"wp:featuredmedia":[{"embeddable":true,"href":"https:\/\/kamenrenesans.sk\/hu\/wp-json\/wp\/v2\/media\/1083"}],"wp:attachment":[{"href":"https:\/\/kamenrenesans.sk\/hu\/wp-json\/wp\/v2\/media?parent=1407"}],"curies":[{"name":"wp","href":"https:\/\/api.w.org\/{rel}","templated":true}]}}